{"id":100,"date":"2024-10-04T18:48:04","date_gmt":"2024-10-04T16:48:04","guid":{"rendered":"http:\/\/10.101.1.48\/index.php\/description-projets-2\/"},"modified":"2024-10-22T16:56:54","modified_gmt":"2024-10-22T14:56:54","slug":"description-projets-2","status":"publish","type":"page","link":"https:\/\/artic.fr\/index.php\/description-projets-2\/","title":{"rendered":"Description Projets"},"content":{"rendered":"\t\t<div data-elementor-type=\"wp-page\" data-elementor-id=\"100\" class=\"elementor elementor-100\">\n\t\t\t\t\t\t<section class=\"elementor-section elementor-top-section elementor-element elementor-element-213edd30 elementor-section-boxed elementor-section-height-default elementor-section-height-default\" data-id=\"213edd30\" data-element_type=\"section\" data-e-type=\"section\">\n\t\t\t\t\t\t<div class=\"elementor-container elementor-column-gap-default\">\n\t\t\t\t\t<div class=\"elementor-column elementor-col-50 elementor-top-column elementor-element elementor-element-1e8a5f94\" data-id=\"1e8a5f94\" data-element_type=\"column\" data-e-type=\"column\">\n\t\t\t<div class=\"elementor-widget-wrap elementor-element-populated\">\n\t\t\t\t\t\t<div class=\"elementor-element elementor-element-6048dbdb elementor-widget elementor-widget-text-editor\" data-id=\"6048dbdb\" data-element_type=\"widget\" data-e-type=\"widget\" data-widget_type=\"text-editor.default\">\n\t\t\t\t<div class=\"elementor-widget-container\">\n\t\t\t\t\t\t\t\t\t<p><span style=\"font-size: 11pt; font-family: Calibri, sans-serif; color: #808080; background-color: transparent; font-variant-numeric: normal; font-variant-east-asian: normal; font-variant-alternates: normal; font-variant-position: normal; vertical-align: baseline; white-space-collapse: preserve;\">Le Service <strong>Projets<\/strong> &#8211; Appui et Performance &#8211; pilote les projets qui contribuent \u00e0 l\u2019\u00e9volution du SI des Cerfrance. <\/span><\/p><p><span style=\"font-size: 11pt; font-family: Calibri, sans-serif; color: #808080; background-color: transparent; font-variant-numeric: normal; font-variant-east-asian: normal; font-variant-alternates: normal; font-variant-position: normal; vertical-align: baseline; white-space-collapse: preserve;\">Il assume la responsabilit\u00e9 des diif\u00e9rentes phases, depuis la traduction des besoins clients jusqu\u00e0 la recette utilisateurs et la mise en production :<\/span><\/p><ul><li><span style=\"font-size: 11pt; font-family: Calibri, sans-serif; color: #808080; background-color: transparent; font-variant-numeric: normal; font-variant-east-asian: normal; font-variant-alternates: normal; font-variant-position: normal; vertical-align: baseline; white-space-collapse: preserve;\"><span style=\"font-weight: 400;\">auditer et formaliser le besoin client<\/span><\/span><\/li><li><span style=\"color: #808080;\"><span style=\"font-family: Calibri, sans-serif;\"><span style=\"font-size: 14.6667px; white-space-collapse: preserve;\">\u00e9<\/span><\/span><span style=\"font-size: 11pt; font-family: Calibri, sans-serif; background-color: transparent; font-variant-numeric: normal; font-variant-east-asian: normal; font-variant-alternates: normal; font-variant-position: normal; vertical-align: baseline; white-space-collapse: preserve;\">tablir l\u2019offre du projet<\/span><\/span><\/li><li><span style=\"font-size: 11pt; font-family: Calibri, sans-serif; color: #808080; background-color: transparent; font-variant-numeric: normal; font-variant-east-asian: normal; font-variant-alternates: normal; font-variant-position: normal; vertical-align: baseline; white-space-collapse: preserve;\">g\u00e9rer l&rsquo;ensemble du projet<\/span><\/li><li><span style=\"font-size: 11pt; font-family: Calibri, sans-serif; color: #808080; background-color: transparent; font-variant-numeric: normal; font-variant-east-asian: normal; font-variant-alternates: normal; font-variant-position: normal; vertical-align: baseline; white-space-collapse: preserve;\">animer les diff\u00e9rents comit\u00e9s de pilotage<\/span><\/li><\/ul>\t\t\t\t\t\t\t\t<\/div>\n\t\t\t\t<\/div>\n\t\t\t\t\t<\/div>\n\t\t<\/div>\n\t\t\t\t<div class=\"elementor-column elementor-col-50 elementor-top-column elementor-element elementor-element-24095aa1\" data-id=\"24095aa1\" data-element_type=\"column\" data-e-type=\"column\">\n\t\t\t<div class=\"elementor-widget-wrap elementor-element-populated\">\n\t\t\t\t\t\t<div class=\"elementor-element elementor-element-6681c2f5 elementor-widget elementor-widget-image\" data-id=\"6681c2f5\" data-element_type=\"widget\" data-e-type=\"widget\" data-widget_type=\"image.default\">\n\t\t\t\t<div class=\"elementor-widget-container\">\n\t\t\t\t\t\t\t\t\t\t\t\t\t\t\t<img fetchpriority=\"high\" decoding=\"async\" width=\"500\" height=\"300\" src=\"\/wp-content\/uploads\/2024\/10\/Projet-Site.png\" class=\"attachment-large size-large wp-image-427\" alt=\"\" srcset=\"\/wp-content\/uploads\/2024\/10\/Projet-Site.png 500w, \/wp-content\/uploads\/2024\/10\/Projet-Site-300x180.png 300w\" sizes=\"(max-width: 500px) 100vw, 500px\" \/>\t\t\t\t\t\t\t\t\t\t\t\t\t\t\t<\/div>\n\t\t\t\t<\/div>\n\t\t\t\t\t<\/div>\n\t\t<\/div>\n\t\t\t\t\t<\/div>\n\t\t<\/section>\n\t\t\t\t<section class=\"elementor-section elementor-top-section elementor-element elementor-element-a8e97e9 elementor-section-boxed elementor-section-height-default elementor-section-height-default\" data-id=\"a8e97e9\" data-element_type=\"section\" data-e-type=\"section\">\n\t\t\t\t\t\t<div class=\"elementor-container elementor-column-gap-default\">\n\t\t\t\t\t<div class=\"elementor-column elementor-col-100 elementor-top-column elementor-element elementor-element-74900d12\" data-id=\"74900d12\" data-element_type=\"column\" data-e-type=\"column\">\n\t\t\t<div class=\"elementor-widget-wrap elementor-element-populated\">\n\t\t\t\t\t\t<div class=\"elementor-element elementor-element-37f08201 elementor-widget elementor-widget-text-editor\" data-id=\"37f08201\" data-element_type=\"widget\" data-e-type=\"widget\" data-widget_type=\"text-editor.default\">\n\t\t\t\t<div class=\"elementor-widget-container\">\n\t\t\t\t\t\t\t\t\t<p><span style=\"background-color: transparent; color: #808080; font-family: Calibri, sans-serif; font-size: 11pt; font-style: inherit; font-weight: inherit; white-space-collapse: preserve;\">Mais aussi :<\/span><\/p><ul><li><span style=\"color: #808080;\"><span style=\"font-size: 11pt; font-family: Calibri, sans-serif; background-color: transparent; font-variant-numeric: normal; font-variant-east-asian: normal; font-variant-alternates: normal; font-variant-position: normal; vertical-align: baseline; white-space-collapse: preserve;\">c<\/span><span style=\"font-family: Calibri, sans-serif;\"><span style=\"font-size: 14.6667px; white-space-collapse: preserve;\">ontribuer \u00e0 la gestion du portefeuille de projets en concertation avec les autres chefs de projets<\/span><\/span><\/span><\/li><li><span style=\"color: #808080;\"><span style=\"font-family: Calibri, sans-serif;\"><span style=\"font-size: 14.6667px; white-space-collapse: preserve;\">effectuer une veille technologique sur les nouvelles solutions<\/span><\/span>\u00a0<\/span><\/li><\/ul>\t\t\t\t\t\t\t\t<\/div>\n\t\t\t\t<\/div>\n\t\t\t\t\t<\/div>\n\t\t<\/div>\n\t\t\t\t\t<\/div>\n\t\t<\/section>\n\t\t\t\t<\/div>\n\t\t","protected":false},"excerpt":{"rendered":"<p>Le Service Projets &#8211; Appui et Performance &#8211; pilote les projets qui contribuent \u00e0 l\u2019\u00e9volution du SI des Cerfrance. Il [&hellip;]<\/p>\n","protected":false},"author":1,"featured_media":0,"parent":0,"menu_order":0,"comment_status":"closed","ping_status":"closed","template":"","meta":{"site-sidebar-layout":"no-sidebar","site-content-layout":"page-builder","ast-site-content-layout":"default","site-content-style":"default","site-sidebar-style":"default","ast-global-header-display":"","ast-banner-title-visibility":"","ast-main-header-display":"","ast-hfb-above-header-display":"","ast-hfb-below-header-display":"","ast-hfb-mobile-header-display":"","site-post-title":"disabled","ast-breadcrumbs-content":"","ast-featured-img":"disabled","footer-sml-layout":"","ast-disable-related-posts":"","theme-transparent-header-meta":"","adv-header-id-meta":"","stick-header-meta":"","header-above-stick-meta":"","header-main-stick-meta":"","header-below-stick-meta":"","astra-migrate-meta-layouts":"default","ast-page-background-enabled":"default","ast-page-background-meta":{"desktop":{"background-color":"var(--ast-global-color-4)","background-image":"","background-repeat":"repeat","background-position":"center center","background-size":"auto","background-attachment":"scroll","background-type":"","background-media":"","overlay-type":"","overlay-color":"","overlay-opacity":"","overlay-gradient":""},"tablet":{"background-color":"","background-image":"","background-repeat":"repeat","background-position":"center center","background-size":"auto","background-attachment":"scroll","background-type":"","background-media":"","overlay-type":"","overlay-color":"","overlay-opacity":"","overlay-gradient":""},"mobile":{"background-color":"","background-image":"","background-repeat":"repeat","background-position":"center center","background-size":"auto","background-attachment":"scroll","background-type":"","background-media":"","overlay-type":"","overlay-color":"","overlay-opacity":"","overlay-gradient":""}},"ast-content-background-meta":{"desktop":{"background-color":"var(--ast-global-color-5)","background-image":"","background-repeat":"repeat","background-position":"center center","background-size":"auto","background-attachment":"scroll","background-type":"","background-media":"","overlay-type":"","overlay-color":"","overlay-opacity":"","overlay-gradient":""},"tablet":{"background-color":"var(--ast-global-color-5)","background-image":"","background-repeat":"repeat","background-position":"center center","background-size":"auto","background-attachment":"scroll","background-type":"","background-media":"","overlay-type":"","overlay-color":"","overlay-opacity":"","overlay-gradient":""},"mobile":{"background-color":"var(--ast-global-color-5)","background-image":"","background-repeat":"repeat","background-position":"center center","background-size":"auto","background-attachment":"scroll","background-type":"","background-media":"","overlay-type":"","overlay-color":"","overlay-opacity":"","overlay-gradient":""}},"footnotes":""},"class_list":["post-100","page","type-page","status-publish","hentry"],"yoast_head":"<!-- This site is optimized with the Yoast SEO plugin v27.4 - https:\/\/yoast.com\/product\/yoast-seo-wordpress\/ -->\n<title>Description Projets - Artic<\/title>\n<meta name=\"robots\" content=\"index, follow, max-snippet:-1, max-image-preview:large, max-video-preview:-1\" \/>\n<link rel=\"canonical\" href=\"https:\/\/artic.fr\/index.php\/description-projets-2\/\" \/>\n<meta property=\"og:locale\" content=\"fr_FR\" \/>\n<meta property=\"og:type\" content=\"article\" \/>\n<meta property=\"og:title\" content=\"Description Projets - Artic\" \/>\n<meta property=\"og:description\" content=\"Le Service Projets &#8211; Appui et Performance &#8211; pilote les projets qui contribuent \u00e0 l\u2019\u00e9volution du SI des Cerfrance. Il [&hellip;]\" \/>\n<meta property=\"og:url\" content=\"https:\/\/artic.fr\/index.php\/description-projets-2\/\" \/>\n<meta property=\"og:site_name\" content=\"Artic\" \/>\n<meta property=\"article:modified_time\" content=\"2024-10-22T14:56:54+00:00\" \/>\n<meta property=\"og:image\" content=\"http:\/\/10.101.1.48\/wp-content\/uploads\/2024\/10\/Projet-Site.png\" \/>\n<meta name=\"twitter:card\" content=\"summary_large_image\" \/>\n<script type=\"application\/ld+json\" class=\"yoast-schema-graph\">{\"@context\":\"https:\\\/\\\/schema.org\",\"@graph\":[{\"@type\":\"WebPage\",\"@id\":\"https:\\\/\\\/artic.fr\\\/index.php\\\/description-projets-2\\\/\",\"url\":\"https:\\\/\\\/artic.fr\\\/index.php\\\/description-projets-2\\\/\",\"name\":\"Description Projets - Artic\",\"isPartOf\":{\"@id\":\"https:\\\/\\\/artic.fr\\\/#website\"},\"primaryImageOfPage\":{\"@id\":\"https:\\\/\\\/artic.fr\\\/index.php\\\/description-projets-2\\\/#primaryimage\"},\"image\":{\"@id\":\"https:\\\/\\\/artic.fr\\\/index.php\\\/description-projets-2\\\/#primaryimage\"},\"thumbnailUrl\":\"http:\\\/\\\/10.101.1.48\\\/wp-content\\\/uploads\\\/2024\\\/10\\\/Projet-Site.png\",\"datePublished\":\"2024-10-04T16:48:04+00:00\",\"dateModified\":\"2024-10-22T14:56:54+00:00\",\"breadcrumb\":{\"@id\":\"https:\\\/\\\/artic.fr\\\/index.php\\\/description-projets-2\\\/#breadcrumb\"},\"inLanguage\":\"fr-FR\",\"potentialAction\":[{\"@type\":\"ReadAction\",\"target\":[\"https:\\\/\\\/artic.fr\\\/index.php\\\/description-projets-2\\\/\"]}]},{\"@type\":\"ImageObject\",\"inLanguage\":\"fr-FR\",\"@id\":\"https:\\\/\\\/artic.fr\\\/index.php\\\/description-projets-2\\\/#primaryimage\",\"url\":\"http:\\\/\\\/10.101.1.48\\\/wp-content\\\/uploads\\\/2024\\\/10\\\/Projet-Site.png\",\"contentUrl\":\"http:\\\/\\\/10.101.1.48\\\/wp-content\\\/uploads\\\/2024\\\/10\\\/Projet-Site.png\"},{\"@type\":\"BreadcrumbList\",\"@id\":\"https:\\\/\\\/artic.fr\\\/index.php\\\/description-projets-2\\\/#breadcrumb\",\"itemListElement\":[{\"@type\":\"ListItem\",\"position\":1,\"name\":\"Accueil\",\"item\":\"https:\\\/\\\/www.artic.fr\\\/\"},{\"@type\":\"ListItem\",\"position\":2,\"name\":\"Description Projets\"}]},{\"@type\":\"WebSite\",\"@id\":\"https:\\\/\\\/artic.fr\\\/#website\",\"url\":\"https:\\\/\\\/artic.fr\\\/\",\"name\":\"Artic, Direction des services informatiques des Cerfrance Normandie-Maine\",\"description\":\"\",\"publisher\":{\"@id\":\"https:\\\/\\\/artic.fr\\\/#organization\"},\"potentialAction\":[{\"@type\":\"SearchAction\",\"target\":{\"@type\":\"EntryPoint\",\"urlTemplate\":\"https:\\\/\\\/artic.fr\\\/?s={search_term_string}\"},\"query-input\":{\"@type\":\"PropertyValueSpecification\",\"valueRequired\":true,\"valueName\":\"search_term_string\"}}],\"inLanguage\":\"fr-FR\"},{\"@type\":\"Organization\",\"@id\":\"https:\\\/\\\/artic.fr\\\/#organization\",\"name\":\"Artic\",\"url\":\"https:\\\/\\\/artic.fr\\\/\",\"logo\":{\"@type\":\"ImageObject\",\"inLanguage\":\"fr-FR\",\"@id\":\"https:\\\/\\\/artic.fr\\\/#\\\/schema\\\/logo\\\/image\\\/\",\"url\":\"\\\/wp-content\\\/uploads\\\/2024\\\/10\\\/cropped-logo-artic.png\",\"contentUrl\":\"\\\/wp-content\\\/uploads\\\/2024\\\/10\\\/cropped-logo-artic.png\",\"width\":183,\"height\":61,\"caption\":\"Artic\"},\"image\":{\"@id\":\"https:\\\/\\\/artic.fr\\\/#\\\/schema\\\/logo\\\/image\\\/\"},\"sameAs\":[\"https:\\\/\\\/www.linkedin.com\\\/company\\\/gieartic\\\/posts\\\/?feedView=all\"]}]}<\/script>\n<!-- \/ Yoast SEO plugin. -->","yoast_head_json":{"title":"Description Projets - Artic","robots":{"index":"index","follow":"follow","max-snippet":"max-snippet:-1","max-image-preview":"max-image-preview:large","max-video-preview":"max-video-preview:-1"},"canonical":"https:\/\/artic.fr\/index.php\/description-projets-2\/","og_locale":"fr_FR","og_type":"article","og_title":"Description Projets - Artic","og_description":"Le Service Projets &#8211; Appui et Performance &#8211; pilote les projets qui contribuent \u00e0 l\u2019\u00e9volution du SI des Cerfrance. Il [&hellip;]","og_url":"https:\/\/artic.fr\/index.php\/description-projets-2\/","og_site_name":"Artic","article_modified_time":"2024-10-22T14:56:54+00:00","og_image":[{"url":"http:\/\/10.101.1.48\/wp-content\/uploads\/2024\/10\/Projet-Site.png","type":"","width":"","height":""}],"twitter_card":"summary_large_image","schema":{"@context":"https:\/\/schema.org","@graph":[{"@type":"WebPage","@id":"https:\/\/artic.fr\/index.php\/description-projets-2\/","url":"https:\/\/artic.fr\/index.php\/description-projets-2\/","name":"Description Projets - Artic","isPartOf":{"@id":"https:\/\/artic.fr\/#website"},"primaryImageOfPage":{"@id":"https:\/\/artic.fr\/index.php\/description-projets-2\/#primaryimage"},"image":{"@id":"https:\/\/artic.fr\/index.php\/description-projets-2\/#primaryimage"},"thumbnailUrl":"http:\/\/10.101.1.48\/wp-content\/uploads\/2024\/10\/Projet-Site.png","datePublished":"2024-10-04T16:48:04+00:00","dateModified":"2024-10-22T14:56:54+00:00","breadcrumb":{"@id":"https:\/\/artic.fr\/index.php\/description-projets-2\/#breadcrumb"},"inLanguage":"fr-FR","potentialAction":[{"@type":"ReadAction","target":["https:\/\/artic.fr\/index.php\/description-projets-2\/"]}]},{"@type":"ImageObject","inLanguage":"fr-FR","@id":"https:\/\/artic.fr\/index.php\/description-projets-2\/#primaryimage","url":"http:\/\/10.101.1.48\/wp-content\/uploads\/2024\/10\/Projet-Site.png","contentUrl":"http:\/\/10.101.1.48\/wp-content\/uploads\/2024\/10\/Projet-Site.png"},{"@type":"BreadcrumbList","@id":"https:\/\/artic.fr\/index.php\/description-projets-2\/#breadcrumb","itemListElement":[{"@type":"ListItem","position":1,"name":"Accueil","item":"https:\/\/www.artic.fr\/"},{"@type":"ListItem","position":2,"name":"Description Projets"}]},{"@type":"WebSite","@id":"https:\/\/artic.fr\/#website","url":"https:\/\/artic.fr\/","name":"Artic, Direction des services informatiques des Cerfrance Normandie-Maine","description":"","publisher":{"@id":"https:\/\/artic.fr\/#organization"},"potentialAction":[{"@type":"SearchAction","target":{"@type":"EntryPoint","urlTemplate":"https:\/\/artic.fr\/?s={search_term_string}"},"query-input":{"@type":"PropertyValueSpecification","valueRequired":true,"valueName":"search_term_string"}}],"inLanguage":"fr-FR"},{"@type":"Organization","@id":"https:\/\/artic.fr\/#organization","name":"Artic","url":"https:\/\/artic.fr\/","logo":{"@type":"ImageObject","inLanguage":"fr-FR","@id":"https:\/\/artic.fr\/#\/schema\/logo\/image\/","url":"\/wp-content\/uploads\/2024\/10\/cropped-logo-artic.png","contentUrl":"\/wp-content\/uploads\/2024\/10\/cropped-logo-artic.png","width":183,"height":61,"caption":"Artic"},"image":{"@id":"https:\/\/artic.fr\/#\/schema\/logo\/image\/"},"sameAs":["https:\/\/www.linkedin.com\/company\/gieartic\/posts\/?feedView=all"]}]}},"_links":{"self":[{"href":"https:\/\/artic.fr\/index.php\/wp-json\/wp\/v2\/pages\/100","targetHints":{"allow":["GET"]}}],"collection":[{"href":"https:\/\/artic.fr\/index.php\/wp-json\/wp\/v2\/pages"}],"about":[{"href":"https:\/\/artic.fr\/index.php\/wp-json\/wp\/v2\/types\/page"}],"author":[{"embeddable":true,"href":"https:\/\/artic.fr\/index.php\/wp-json\/wp\/v2\/users\/1"}],"replies":[{"embeddable":true,"href":"https:\/\/artic.fr\/index.php\/wp-json\/wp\/v2\/comments?post=100"}],"version-history":[{"count":7,"href":"https:\/\/artic.fr\/index.php\/wp-json\/wp\/v2\/pages\/100\/revisions"}],"predecessor-version":[{"id":445,"href":"https:\/\/artic.fr\/index.php\/wp-json\/wp\/v2\/pages\/100\/revisions\/445"}],"wp:attachment":[{"href":"https:\/\/artic.fr\/index.php\/wp-json\/wp\/v2\/media?parent=100"}],"curies":[{"name":"wp","href":"https:\/\/api.w.org\/{rel}","templated":true}]}}